{"id":382,"date":"2023-11-07T19:06:44","date_gmt":"2023-11-07T18:06:44","guid":{"rendered":"https:\/\/neorigen.com\/?page_id=382"},"modified":"2025-08-28T12:07:05","modified_gmt":"2025-08-28T18:07:05","slug":"nosotros","status":"publish","type":"page","link":"https:\/\/neorigen.com\/es\/nosotros\/","title":{"rendered":"Nosotros"},"content":{"rendered":"\t\t<div data-elementor-type=\"wp-page\" data-elementor-id=\"382\" class=\"elementor elementor-382\">\n\t\t\t\t<div class=\"elementor-element elementor-element-1455c0c e-con-full e-flex e-con e-parent\" data-id=\"1455c0c\" data-element_type=\"container\">\n\t\t<div class=\"elementor-element elementor-element-b00b914 e-con-full e-flex e-con e-child\" data-id=\"b00b914\" data-element_type=\"container\" data-settings=\"{&quot;background_background&quot;:&quot;classic&quot;}\">\n\t\t<div class=\"elementor-element elementor-element-a96e48c e-con-full e-flex e-con e-child\" data-id=\"a96e48c\" data-element_type=\"container\">\n\t\t<div class=\"elementor-element elementor-element-4a0d357 e-con-full e-flex e-con e-child\" data-id=\"4a0d357\" data-element_type=\"container\">\n\t\t\t\t<\/div>\n\t\t<div class=\"elementor-element elementor-element-ead3c3c e-con-full e-flex e-con e-child\" data-id=\"ead3c3c\" data-element_type=\"container\">\n\t\t\t\t<div class=\"elementor-element elementor-element-315114d animated-fast elementor-widget elementor-widget-heading\" data-id=\"315114d\" data-element_type=\"widget\" data-settings=\"{&quot;_animation&quot;:&quot;none&quot;,&quot;_animation_delay&quot;:200}\" data-widget_type=\"heading.default\">\n\t\t\t\t<div class=\"elementor-widget-container\">\n\t\t\t<h2 class=\"elementor-heading-title elementor-size-default\">Acerca de Nuestra Instituci\u00f3n M\u00e9dica<\/h2>\t\t<\/div>\n\t\t\t\t<\/div>\n\t\t\t\t<div class=\"elementor-element elementor-element-19dfc9e animated-fast elementor-widget elementor-widget-heading\" data-id=\"19dfc9e\" data-element_type=\"widget\" data-settings=\"{&quot;_animation&quot;:&quot;none&quot;,&quot;_animation_delay&quot;:200}\" data-widget_type=\"heading.default\">\n\t\t\t\t<div class=\"elementor-widget-container\">\n\t\t\t<h2 class=\"elementor-heading-title elementor-size-default\">Trayectoria y Experiencia a tu Servicio<\/h2>\t\t<\/div>\n\t\t\t\t<\/div>\n\t\t\t\t<div class=\"elementor-element elementor-element-a002420 animated-fast elementor-widget elementor-widget-button\" data-id=\"a002420\" data-element_type=\"widget\" data-settings=\"{&quot;_animation&quot;:&quot;none&quot;,&quot;_animation_delay&quot;:200}\" data-widget_type=\"button.default\">\n\t\t\t\t<div class=\"elementor-widget-container\">\n\t\t\t\t\t\t\t<div class=\"elementor-button-wrapper\">\n\t\t\t\t\t<a class=\"elementor-button elementor-button-link elementor-size-sm\" href=\"https:\/\/neorigen.com\/contacto\/\">\n\t\t\t\t\t\t<span class=\"elementor-button-content-wrapper\">\n\t\t\t\t\t\t\t\t\t<span class=\"elementor-button-text\">Contacto<\/span>\n\t\t\t\t\t<\/span>\n\t\t\t\t\t<\/a>\n\t\t\t\t<\/div>\n\t\t\t\t\t\t<\/div>\n\t\t\t\t<\/div>\n\t\t\t\t<\/div>\n\t\t\t\t<\/div>\n\t\t\t\t<\/div>\n\t\t<div class=\"elementor-element elementor-element-aa6fb87 e-con-full e-flex e-con e-child\" data-id=\"aa6fb87\" data-element_type=\"container\" data-settings=\"{&quot;background_background&quot;:&quot;classic&quot;}\">\n\t\t<div class=\"elementor-element elementor-element-058ff9e e-con-full e-flex e-con e-child\" data-id=\"058ff9e\" data-element_type=\"container\">\n\t\t<div class=\"elementor-element elementor-element-4af7178 e-con-full e-flex e-con e-child\" data-id=\"4af7178\" data-element_type=\"container\">\n\t\t\t\t<div class=\"elementor-element elementor-element-9a40eb0 animated-fast elementor-widget elementor-widget-heading\" data-id=\"9a40eb0\" data-element_type=\"widget\" data-settings=\"{&quot;_animation&quot;:&quot;none&quot;,&quot;_animation_delay&quot;:200}\" data-widget_type=\"heading.default\">\n\t\t\t\t<div class=\"elementor-widget-container\">\n\t\t\t<h2 class=\"elementor-heading-title elementor-size-default\">\u00bfQui\u00e9nes somos?<\/h2>\t\t<\/div>\n\t\t\t\t<\/div>\n\t\t\t\t<div class=\"elementor-element elementor-element-a2bc86f animated-fast elementor-widget elementor-widget-text-editor\" data-id=\"a2bc86f\" data-element_type=\"widget\" data-settings=\"{&quot;_animation&quot;:&quot;none&quot;,&quot;_animation_delay&quot;:200}\" data-widget_type=\"text-editor.default\">\n\t\t\t\t<div class=\"elementor-widget-container\">\n\t\t\t\t\t\t\t<p>Somos una cl\u00ednica integral, socialmente responsable, dedicada a la medicina est\u00e9tica avanzada. Nos enfocamos en ofrecer tratamientos faciales dise\u00f1ados para realzar tu belleza natural, mejorar tu bienestar y fortalecer tu confianza.<br \/><br \/>Nuestros tratamientos cuentan con el respaldo de especialistas altamente capacitados y la aplicaci\u00f3n de t\u00e9cnicas innovadoras en est\u00e9tica, con el objetivo de brindarte resultados seguros, efectivos y de la m\u00e1s alta calidad.<br \/><br \/>En Neorigen trabajamos con instalaciones modernas y un equipo en constante actualizaci\u00f3n, asegur\u00e1ndonos de que cada experiencia sea \u00fanica, confiable y pensada para tu satisfacci\u00f3n.<\/p>\t\t\t\t\t\t<\/div>\n\t\t\t\t<\/div>\n\t\t\t\t<\/div>\n\t\t<div class=\"elementor-element elementor-element-10061d2 e-con-full elementor-hidden-tablet elementor-hidden-mobile e-flex e-con e-child\" data-id=\"10061d2\" data-element_type=\"container\" data-settings=\"{&quot;background_background&quot;:&quot;classic&quot;}\">\n\t\t\t\t<\/div>\n\t\t\t\t<\/div>\n\t\t\t\t<\/div>\n\t\t<div class=\"elementor-element elementor-element-a303c1e e-con-full e-flex e-con e-child\" data-id=\"a303c1e\" data-element_type=\"container\" data-settings=\"{&quot;background_background&quot;:&quot;classic&quot;}\">\n\t\t<div class=\"elementor-element elementor-element-514eefc e-con-full e-flex e-con e-child\" data-id=\"514eefc\" data-element_type=\"container\">\n\t\t\t\t<div class=\"elementor-element elementor-element-53e2233 animated-fast elementor-widget elementor-widget-heading\" data-id=\"53e2233\" data-element_type=\"widget\" data-settings=\"{&quot;_animation&quot;:&quot;none&quot;,&quot;_animation_delay&quot;:400}\" data-widget_type=\"heading.default\">\n\t\t\t\t<div class=\"elementor-widget-container\">\n\t\t\t<h2 class=\"elementor-heading-title elementor-size-default\">\u00bfQu\u00e9 nos distingue?<\/h2>\t\t<\/div>\n\t\t\t\t<\/div>\n\t\t<div class=\"elementor-element elementor-element-a71be50 e-grid e-con-full e-con e-child\" data-id=\"a71be50\" data-element_type=\"container\">\n\t\t\t\t<div class=\"elementor-element elementor-element-6f66b82 animated-fast elementor-widget elementor-widget-image\" data-id=\"6f66b82\" data-element_type=\"widget\" data-settings=\"{&quot;_animation&quot;:&quot;none&quot;,&quot;_animation_delay&quot;:500}\" data-widget_type=\"image.default\">\n\t\t\t\t<div class=\"elementor-widget-container\">\n\t\t\t\t\t\t\t\t\t\t\t\t\t<img fetchpriority=\"high\" decoding=\"async\" width=\"1250\" height=\"1250\" src=\"https:\/\/neorigen.com\/wp-content\/uploads\/2023\/11\/ICONOS-WEB_Mesa-de-trabajo-1.png\" class=\"attachment-full size-full wp-image-1259\" alt=\"\" srcset=\"https:\/\/neorigen.com\/wp-content\/uploads\/2023\/11\/ICONOS-WEB_Mesa-de-trabajo-1.png 1250w, https:\/\/neorigen.com\/wp-content\/uploads\/2023\/11\/ICONOS-WEB_Mesa-de-trabajo-1-300x300.png 300w, https:\/\/neorigen.com\/wp-content\/uploads\/2023\/11\/ICONOS-WEB_Mesa-de-trabajo-1-1024x1024.png 1024w, https:\/\/neorigen.com\/wp-content\/uploads\/2023\/11\/ICONOS-WEB_Mesa-de-trabajo-1-150x150.png 150w, https:\/\/neorigen.com\/wp-content\/uploads\/2023\/11\/ICONOS-WEB_Mesa-de-trabajo-1-768x768.png 768w\" sizes=\"(max-width: 1250px) 100vw, 1250px\" \/>\t\t\t\t\t\t\t\t\t\t\t\t\t<\/div>\n\t\t\t\t<\/div>\n\t\t\t\t<div class=\"elementor-element elementor-element-3ed7ff6 animated-fast elementor-widget elementor-widget-image\" data-id=\"3ed7ff6\" data-element_type=\"widget\" data-settings=\"{&quot;_animation&quot;:&quot;none&quot;,&quot;_animation_delay&quot;:500}\" data-widget_type=\"image.default\">\n\t\t\t\t<div class=\"elementor-widget-container\">\n\t\t\t\t\t\t\t\t\t\t\t\t\t<img decoding=\"async\" width=\"1250\" height=\"1250\" src=\"https:\/\/neorigen.com\/wp-content\/uploads\/2023\/11\/ICONOS-WEB-02.png\" class=\"attachment-full size-full wp-image-1260\" alt=\"\" srcset=\"https:\/\/neorigen.com\/wp-content\/uploads\/2023\/11\/ICONOS-WEB-02.png 1250w, https:\/\/neorigen.com\/wp-content\/uploads\/2023\/11\/ICONOS-WEB-02-300x300.png 300w, https:\/\/neorigen.com\/wp-content\/uploads\/2023\/11\/ICONOS-WEB-02-1024x1024.png 1024w, https:\/\/neorigen.com\/wp-content\/uploads\/2023\/11\/ICONOS-WEB-02-150x150.png 150w, https:\/\/neorigen.com\/wp-content\/uploads\/2023\/11\/ICONOS-WEB-02-768x768.png 768w\" sizes=\"(max-width: 1250px) 100vw, 1250px\" \/>\t\t\t\t\t\t\t\t\t\t\t\t\t<\/div>\n\t\t\t\t<\/div>\n\t\t\t\t<div class=\"elementor-element elementor-element-2ed59a4 animated-fast elementor-widget elementor-widget-image\" data-id=\"2ed59a4\" data-element_type=\"widget\" data-settings=\"{&quot;_animation&quot;:&quot;none&quot;,&quot;_animation_delay&quot;:500}\" data-widget_type=\"image.default\">\n\t\t\t\t<div class=\"elementor-widget-container\">\n\t\t\t\t\t\t\t\t\t\t\t\t\t<img decoding=\"async\" width=\"1250\" height=\"1250\" src=\"https:\/\/neorigen.com\/wp-content\/uploads\/2023\/11\/ICONOS-WEB-03.png\" class=\"attachment-full size-full wp-image-1261\" alt=\"\" srcset=\"https:\/\/neorigen.com\/wp-content\/uploads\/2023\/11\/ICONOS-WEB-03.png 1250w, https:\/\/neorigen.com\/wp-content\/uploads\/2023\/11\/ICONOS-WEB-03-300x300.png 300w, https:\/\/neorigen.com\/wp-content\/uploads\/2023\/11\/ICONOS-WEB-03-1024x1024.png 1024w, https:\/\/neorigen.com\/wp-content\/uploads\/2023\/11\/ICONOS-WEB-03-150x150.png 150w, https:\/\/neorigen.com\/wp-content\/uploads\/2023\/11\/ICONOS-WEB-03-768x768.png 768w\" sizes=\"(max-width: 1250px) 100vw, 1250px\" \/>\t\t\t\t\t\t\t\t\t\t\t\t\t<\/div>\n\t\t\t\t<\/div>\n\t\t\t\t<div class=\"elementor-element elementor-element-3645514 animated-fast elementor-widget elementor-widget-image\" data-id=\"3645514\" data-element_type=\"widget\" data-settings=\"{&quot;_animation&quot;:&quot;none&quot;,&quot;_animation_delay&quot;:500}\" data-widget_type=\"image.default\">\n\t\t\t\t<div class=\"elementor-widget-container\">\n\t\t\t\t\t\t\t\t\t\t\t\t\t<img loading=\"lazy\" decoding=\"async\" width=\"1250\" height=\"1250\" src=\"https:\/\/neorigen.com\/wp-content\/uploads\/2023\/11\/ICONOS-WEB-04.png\" class=\"attachment-full size-full wp-image-1262\" alt=\"\" srcset=\"https:\/\/neorigen.com\/wp-content\/uploads\/2023\/11\/ICONOS-WEB-04.png 1250w, https:\/\/neorigen.com\/wp-content\/uploads\/2023\/11\/ICONOS-WEB-04-300x300.png 300w, https:\/\/neorigen.com\/wp-content\/uploads\/2023\/11\/ICONOS-WEB-04-1024x1024.png 1024w, https:\/\/neorigen.com\/wp-content\/uploads\/2023\/11\/ICONOS-WEB-04-150x150.png 150w, https:\/\/neorigen.com\/wp-content\/uploads\/2023\/11\/ICONOS-WEB-04-768x768.png 768w\" sizes=\"(max-width: 1250px) 100vw, 1250px\" \/>\t\t\t\t\t\t\t\t\t\t\t\t\t<\/div>\n\t\t\t\t<\/div>\n\t\t\t\t<\/div>\n\t\t\t\t<\/div>\n\t\t\t\t<\/div>\n\t\t<div class=\"elementor-element elementor-element-6ae87ba e-con-full elementor-hidden-desktop elementor-hidden-tablet elementor-hidden-mobile e-flex e-con e-child\" data-id=\"6ae87ba\" data-element_type=\"container\" data-settings=\"{&quot;background_background&quot;:&quot;classic&quot;}\">\n\t\t<div class=\"elementor-element elementor-element-86ea2fd e-con-full e-flex e-con e-child\" data-id=\"86ea2fd\" data-element_type=\"container\">\n\t\t\t\t<div class=\"elementor-element elementor-element-5e84a52 animated-fast elementor-widget elementor-widget-heading\" data-id=\"5e84a52\" data-element_type=\"widget\" data-settings=\"{&quot;_animation&quot;:&quot;none&quot;,&quot;_animation_delay&quot;:300}\" data-widget_type=\"heading.default\">\n\t\t\t\t<div class=\"elementor-widget-container\">\n\t\t\t<h2 class=\"elementor-heading-title elementor-size-default\">Conoce Nuestros Especialistas<\/h2>\t\t<\/div>\n\t\t\t\t<\/div>\n\t\t<div class=\"elementor-element elementor-element-084f339 e-con-full e-flex e-con e-child\" data-id=\"084f339\" data-element_type=\"container\">\n\t\t<div class=\"elementor-element elementor-element-3f7cd57 e-con-full e-flex e-con e-child\" data-id=\"3f7cd57\" data-element_type=\"container\" data-settings=\"{&quot;background_background&quot;:&quot;classic&quot;,&quot;animation&quot;:&quot;none&quot;}\">\n\t\t\t\t<div class=\"elementor-element elementor-element-ba8f602 elementor-widget__width-initial animated-fast elementor-widget elementor-widget-heading\" data-id=\"ba8f602\" data-element_type=\"widget\" data-settings=\"{&quot;_animation&quot;:&quot;none&quot;,&quot;_animation_delay&quot;:200}\" data-widget_type=\"heading.default\">\n\t\t\t\t<div class=\"elementor-widget-container\">\n\t\t\t<h2 class=\"elementor-heading-title elementor-size-default\">Lic. Alejandra Romo Camacho<\/h2>\t\t<\/div>\n\t\t\t\t<\/div>\n\t\t\t\t<div class=\"elementor-element elementor-element-610792c elementor-widget__width-initial animated-fast elementor-widget elementor-widget-heading\" data-id=\"610792c\" data-element_type=\"widget\" data-settings=\"{&quot;_animation&quot;:&quot;none&quot;,&quot;_animation_delay&quot;:200}\" data-widget_type=\"heading.default\">\n\t\t\t\t<div class=\"elementor-widget-container\">\n\t\t\t<h2 class=\"elementor-heading-title elementor-size-default\">Cofundadora del Corporativo M\u00e9dico Provida, Salud Integral.<\/h2>\t\t<\/div>\n\t\t\t\t<\/div>\n\t\t\t\t<\/div>\n\t\t\t\t<\/div>\n\t\t\t\t<div class=\"elementor-element elementor-element-001304e elementor-widget__width-initial animated-fast elementor-widget elementor-widget-heading\" data-id=\"001304e\" data-element_type=\"widget\" data-settings=\"{&quot;_animation&quot;:&quot;none&quot;,&quot;_animation_delay&quot;:200}\" data-widget_type=\"heading.default\">\n\t\t\t\t<div class=\"elementor-widget-container\">\n\t\t\t<h2 class=\"elementor-heading-title elementor-size-default\">Especialistas que se encargar\u00e1n de todo tu proceso con nosotros.<\/h2>\t\t<\/div>\n\t\t\t\t<\/div>\n\t\t\t\t<div class=\"elementor-element elementor-element-fca7e93 elementor-align-center animated-fast elementor-widget elementor-widget-button\" data-id=\"fca7e93\" data-element_type=\"widget\" data-settings=\"{&quot;_animation&quot;:&quot;none&quot;,&quot;_animation_delay&quot;:200}\" data-widget_type=\"button.default\">\n\t\t\t\t<div class=\"elementor-widget-container\">\n\t\t\t\t\t\t\t<div class=\"elementor-button-wrapper\">\n\t\t\t\t\t<a class=\"elementor-button elementor-button-link elementor-size-sm\" href=\"https:\/\/neorigen.com\/medicos\/\">\n\t\t\t\t\t\t<span class=\"elementor-button-content-wrapper\">\n\t\t\t\t\t\t\t\t\t<span class=\"elementor-button-text\">Ver m\u00e1s<\/span>\n\t\t\t\t\t<\/span>\n\t\t\t\t\t<\/a>\n\t\t\t\t<\/div>\n\t\t\t\t\t\t<\/div>\n\t\t\t\t<\/div>\n\t\t\t\t<\/div>\n\t\t\t\t<\/div>\n\t\t<div class=\"elementor-element elementor-element-cdbc590 e-con-full elementor-hidden-desktop elementor-hidden-tablet elementor-hidden-mobile e-flex e-con e-child\" data-id=\"cdbc590\" data-element_type=\"container\" data-settings=\"{&quot;background_background&quot;:&quot;classic&quot;}\">\n\t\t<div class=\"elementor-element elementor-element-1bf89d6 e-con-full e-flex e-con e-child\" data-id=\"1bf89d6\" data-element_type=\"container\">\n\t\t<div class=\"elementor-element elementor-element-c7239da e-con-full e-flex e-con e-child\" data-id=\"c7239da\" data-element_type=\"container\">\n\t\t\t\t<div class=\"elementor-element elementor-element-fae1a58 animated-fast elementor-widget elementor-widget-heading\" data-id=\"fae1a58\" data-element_type=\"widget\" data-settings=\"{&quot;_animation&quot;:&quot;none&quot;,&quot;_animation_delay&quot;:200}\" data-widget_type=\"heading.default\">\n\t\t\t\t<div class=\"elementor-widget-container\">\n\t\t\t<h2 class=\"elementor-heading-title elementor-size-default\">Estamos para servirte<\/h2>\t\t<\/div>\n\t\t\t\t<\/div>\n\t\t\t\t<div class=\"elementor-element elementor-element-88d9bed animated-fast elementor-widget elementor-widget-text-editor\" data-id=\"88d9bed\" data-element_type=\"widget\" data-settings=\"{&quot;_animation&quot;:&quot;none&quot;,&quot;_animation_delay&quot;:200}\" data-widget_type=\"text-editor.default\">\n\t\t\t\t<div class=\"elementor-widget-container\">\n\t\t\t\t\t\t\t<p>Ponemos a tu disposici\u00f3n el siguiente formulario de contacto. Por favor, d\u00e9janos saber tus dudas o comentarios. A la brevedad alguno de nuestros asesores se pondr\u00e1 en contacto contigo.<\/p>\t\t\t\t\t\t<\/div>\n\t\t\t\t<\/div>\n\t\t\t\t<div class=\"elementor-element elementor-element-da83c26 animated-fast elementor-tablet-align-center elementor-icon-list--layout-traditional elementor-list-item-link-full_width elementor-widget elementor-widget-icon-list\" data-id=\"da83c26\" data-element_type=\"widget\" data-settings=\"{&quot;_animation&quot;:&quot;none&quot;,&quot;_animation_delay&quot;:300}\" data-widget_type=\"icon-list.default\">\n\t\t\t\t<div class=\"elementor-widget-container\">\n\t\t\t\t\t<ul class=\"elementor-icon-list-items\">\n\t\t\t\t\t\t\t<li class=\"elementor-icon-list-item\">\n\t\t\t\t\t\t\t\t\t\t\t<a href=\"mailto:hola@neorigen.com\">\n\n\t\t\t\t\t\t\t\t\t\t\t\t<span class=\"elementor-icon-list-icon\">\n\t\t\t\t\t\t\t<svg aria-hidden=\"true\" class=\"e-font-icon-svg e-fas-envelope\" viewBox=\"0 0 512 512\" xmlns=\"http:\/\/www.w3.org\/2000\/svg\"><path d=\"M502.3 190.8c3.9-3.1 9.7-.2 9.7 4.7V400c0 26.5-21.5 48-48 48H48c-26.5 0-48-21.5-48-48V195.6c0-5 5.7-7.8 9.7-4.7 22.4 17.4 52.1 39.5 154.1 113.6 21.1 15.4 56.7 47.8 92.2 47.6 35.7.3 72-32.8 92.3-47.6 102-74.1 131.6-96.3 154-113.7zM256 320c23.2.4 56.6-29.2 73.4-41.4 132.7-96.3 142.8-104.7 173.4-128.7 5.8-4.5 9.2-11.5 9.2-18.9v-19c0-26.5-21.5-48-48-48H48C21.5 64 0 85.5 0 112v19c0 7.4 3.4 14.3 9.2 18.9 30.6 23.9 40.7 32.4 173.4 128.7 16.8 12.2 50.2 41.8 73.4 41.4z\"><\/path><\/svg>\t\t\t\t\t\t<\/span>\n\t\t\t\t\t\t\t\t\t\t<span class=\"elementor-icon-list-text\">hola@neorigen.com<\/span>\n\t\t\t\t\t\t\t\t\t\t\t<\/a>\n\t\t\t\t\t\t\t\t\t<\/li>\n\t\t\t\t\t\t<\/ul>\n\t\t\t\t<\/div>\n\t\t\t\t<\/div>\n\t\t\t\t<\/div>\n\t\t<div class=\"elementor-element elementor-element-4ced7b0 e-con-full e-flex e-con e-child\" data-id=\"4ced7b0\" data-element_type=\"container\">\n\t\t\t\t<div class=\"elementor-element elementor-element-1952e1b elementor-widget elementor-widget-form\" data-id=\"1952e1b\" data-element_type=\"widget\" data-settings=\"{&quot;_animation&quot;:&quot;none&quot;}\" data-widget_type=\"form.default\">\n\t\t\t\t<div class=\"elementor-widget-container\">\n\t\t\t \t\t<\/div>\n\t\t\t\t<\/div>\n\t\t\t\t<\/div>\n\t\t\t\t<\/div>\n\t\t\t\t<\/div>\n\t\t\t\t<\/div>\n\t\t\t\t<\/div>\n\t\t","protected":false},"excerpt":{"rendered":"<p>Acerca de Nuestra Instituci\u00f3n M\u00e9dica Trayectoria y Experiencia a tu Servicio Contacto \u00bfQui\u00e9nes somos? Somos una cl\u00ednica integral, socialmente responsable, dedicada a la medicina est\u00e9tica avanzada. Nos enfocamos en ofrecer tratamientos faciales dise\u00f1ados para realzar tu belleza natural, mejorar tu bienestar y fortalecer tu confianza. Nuestros tratamientos cuentan con el respaldo de especialistas altamente capacitados [&hellip;]<\/p>\n","protected":false},"author":1,"featured_media":0,"parent":0,"menu_order":0,"comment_status":"closed","ping_status":"closed","template":"elementor_header_footer","meta":{"om_disable_all_campaigns":false,"_uf_show_specific_survey":0,"_uf_disable_surveys":false,"footnotes":""},"class_list":["post-382","page","type-page","status-publish","hentry"],"aioseo_notices":[],"_links":{"self":[{"href":"https:\/\/neorigen.com\/es\/wp-json\/wp\/v2\/pages\/382","targetHints":{"allow":["GET"]}}],"collection":[{"href":"https:\/\/neorigen.com\/es\/wp-json\/wp\/v2\/pages"}],"about":[{"href":"https:\/\/neorigen.com\/es\/wp-json\/wp\/v2\/types\/page"}],"author":[{"embeddable":true,"href":"https:\/\/neorigen.com\/es\/wp-json\/wp\/v2\/users\/1"}],"replies":[{"embeddable":true,"href":"https:\/\/neorigen.com\/es\/wp-json\/wp\/v2\/comments?post=382"}],"version-history":[{"count":12,"href":"https:\/\/neorigen.com\/es\/wp-json\/wp\/v2\/pages\/382\/revisions"}],"predecessor-version":[{"id":4127,"href":"https:\/\/neorigen.com\/es\/wp-json\/wp\/v2\/pages\/382\/revisions\/4127"}],"wp:attachment":[{"href":"https:\/\/neorigen.com\/es\/wp-json\/wp\/v2\/media?parent=382"}],"curies":[{"name":"wp","href":"https:\/\/api.w.org\/{rel}","templated":true}]}}