{"id":2091,"date":"2023-12-04T19:07:54","date_gmt":"2023-12-04T18:07:54","guid":{"rendered":"https:\/\/neorigen.com\/?page_id=2091"},"modified":"2025-04-24T13:00:23","modified_gmt":"2025-04-24T19:00:23","slug":"aviso-de-privacidad","status":"publish","type":"page","link":"https:\/\/neorigen.com\/en\/aviso-de-privacidad\/","title":{"rendered":"Aviso de privacidad"},"content":{"rendered":"<div data-elementor-type=\"wp-page\" data-elementor-id=\"2091\" class=\"elementor elementor-2091\">\n\t\t\t\t<div class=\"elementor-element elementor-element-b6702e9 e-con-full e-flex e-con e-parent\" data-id=\"b6702e9\" data-element_type=\"container\" data-e-type=\"container\">\n\t\t<div class=\"elementor-element elementor-element-0c0eb50 e-con-full e-flex e-con e-child\" data-id=\"0c0eb50\" data-element_type=\"container\" data-e-type=\"container\">\n\t\t\t\t<div class=\"elementor-element elementor-element-ba15194 elementor-widget elementor-widget-heading\" data-id=\"ba15194\" data-element_type=\"widget\" data-e-type=\"widget\" data-widget_type=\"heading.default\">\n\t\t\t\t<div class=\"elementor-widget-container\">\n\t\t\t\t\t<h2 class=\"elementor-heading-title elementor-size-default\">Aviso de privacidad<\/h2>\t\t\t\t<\/div>\n\t\t\t\t<\/div>\n\t\t\t\t<div class=\"elementor-element elementor-element-33653a7 elementor-widget elementor-widget-text-editor\" data-id=\"33653a7\" data-element_type=\"widget\" data-e-type=\"widget\" data-widget_type=\"text-editor.default\">\n\t\t\t\t<div class=\"elementor-widget-container\">\n\t\t\t\t\t\t\t\t\t<div class=\"elementor elementor-3\" data-elementor-type=\"wp-page\" data-elementor-id=\"3\"><div class=\"elementor-inner\"><div class=\"elementor-section-wrap\"><section class=\"elementor-section elementor-top-section elementor-element elementor-element-31840f1b elementor-section-boxed elementor-section-height-default elementor-section-height-default\" data-id=\"31840f1b\" data-element_type=\"section\"><div class=\"elementor-container elementor-column-gap-default\"><div class=\"elementor-row\"><div class=\"elementor-column elementor-col-100 elementor-top-column elementor-element elementor-element-5631116a\" data-id=\"5631116a\" data-element_type=\"column\"><div class=\"elementor-column-wrap elementor-element-populated\"><div class=\"elementor-widget-wrap\"><div class=\"elementor-element elementor-element-341e1443 elementor-widget elementor-widget-text-editor\" data-id=\"341e1443\" data-element_type=\"widget\" data-widget_type=\"text-editor.default\"><div class=\"elementor-widget-container\"><div class=\"elementor-text-editor elementor-clearfix\"><p><strong>RESPONSABLE DE LOS DATOS PERSONALES.<\/strong>\u00a0Con fundamento en los art\u00edculos 15 y 16 de la\u00a0<strong>Ley Federal de Protecci\u00f3n de Datos Personales en Posesi\u00f3n de Particulares<\/strong>\u00a0hacemos de su conocimiento que\u00a0<strong>NEORIGEN S.A. DE C.V<\/strong>\u00a0con domicilio en\u00a0<strong>Av. Carlos Canseco #6050, Local 195 y 106, Col. La marina. Centro M\u00e9dico Marina. C.P. 82103, Mazatl\u00e1n, Sin. Mex.<\/strong>\u00a0tiene la convicci\u00f3n de proteger la informaci\u00f3n personal proporcionada por sus usuarios (\u201cDatos Personales\u201d) y es el responsable de su tratamiento cuando sean recabados a trav\u00e9s del sitio de Internet\u00a0<strong>HYPERLINK \u201chttps:\/\/www.neorigen.com\u201d\u00a0<a href=\"https:\/\/neorigen.com\/en\/\" target=\"_blank\" rel=\"noreferrer noopener\">https:\/\/www.neorigen.com<\/a>,<\/strong>\u00a0medios impresos y\/o v\u00eda telef\u00f3nica (\u201cOtros Medios\u201d).<\/p><p><br \/>TRATAMIENTO DE DATOS PERSONALES.\u00a0<strong>Neorigen\u00a0<\/strong>podr\u00e1 solicitar y\/o recabar a trav\u00e9s del Sitio y Otros Medios, los Datos Personales de los usuarios para su uso comercial, divulgaci\u00f3n y\/o almacenamiento por cualquier medio (\u201cTratamiento\u201d) para los fines que se mencionaran en el punto \u201cDatos Personales a Recabar y Finalidad\u201d.\u00a0<strong>Neorigen\u00a0<\/strong>y\/o cualquier tercero que llegue a intervenir en cualquier fase del Tratamiento de Datos Personales guardar\u00e1 confidencialidad respecto de los mismos cuando tengan dicho car\u00e1cter, conforme a las disposiciones legales aplicables en los Estados Unidos Mexicanos (M\u00e9xico).<\/p><p><br \/>CONSENTIMIENTO.\u00a0El ingreso y\/o registro de Datos Personales implica el consentimiento pleno y sin reservas de los usuarios para el Tratamiento de sus Datos Personales de acuerdo con el presente Aviso de Privacidad.<\/p><p><br \/>DATOS PERSONALES A RECABAR Y FINALIDAD.\u00a0Los Datos Personales que los usuarios proporcionen al momento de su ingreso y\/o registro al Sitio y\/o por Otros Medios tienen diferentes finalidades como lo son: recibir los servicios y\/o productos contratados por el usuario, recibir promociones de los servicios y\/o productos de\u00a0<strong>Neorigen<\/strong>\u00a0generar informaci\u00f3n estad\u00edstica, y dem\u00e1s usos necesarios para la correcta comercializaci\u00f3n de los servicios y\/o de\u00a0<strong>Neorigen<\/strong>\u00a0mismos que podr\u00e1n incluir de manera enunciativa m\u00e1s no limitativa, los siguientes:<\/p><p><br \/>Para contactarnos y hacernos llegar sus comentarios y observaciones, se solicitan los siguientes datos:<\/p><p><br \/>Name<br \/>Ocupaci\u00f3n<br \/>Correo electr\u00f3nico<br \/>City<br \/>Estado<br \/>Phone<\/p><p><br \/>Asimismo, le informamos que sus datos personales pueden ser transferidos y tratados por personas distintas a esta empresa. Si usted no manifiesta su oposici\u00f3n para que sus datos personales sean transferidos, se entender\u00e1 que ha otorgado su consentimiento para ello. No consiento que mis datos personales sean transferidos en los t\u00e9rminos que se\u00f1ala el presente aviso de privacidad.<br \/>MEDIOS PARA LIMITAR EL USO O DIVULGACI\u00d3N DE DATOS PERSONALES.\u00a0Si usted desea dejar de recibir mensajes promocionales v\u00eda correo electr\u00f3nico y\/o de forma impresa y\/o v\u00eda telef\u00f3nica por parte de\u00a0<strong>Neorigen<\/strong>\u00a0puede notificarlo a la v\u00eda telef\u00f3nica (669) 252 4699<\/p><p><br \/>EXCLUSI\u00d3N DE RESPONSABILIDAD DEL SITIO.\u00a0El Sitio podr\u00eda contener hiperv\u00ednculos o hipertextos, banners, botones y\/o herramientas de b\u00fasquedas en la \u201cWorld Wide Web\u201d que al ser utilizados por los usuarios transportan a otros portales o sitios de Internet que podr\u00edan ser propiedad de terceros. Los Datos Personales que los usuarios llegaren a proporcionar a trav\u00e9s de estos portales o sitios de Internet no se encuentran contemplados por este Aviso de Privacidad y su Tratamiento no es responsabilidad de\u00a0<strong>Neorigen<\/strong>. Recomendamos a los usuarios verificar los Avisos de Privacidad desplegados y aplicables a estos portales y sitios de Internet. Los usuarios podr\u00e1n encontrar dentro del Sitio, p\u00e1ginas, promociones, micrositios, tiendas virtuales, encuestas, bolsas de trabajo y otros servicios que pueden estar compartidos con terceros y que podr\u00edan solicitar sus Datos Personales (\u201cSitios de Terceros\u201d). Cualquier informaci\u00f3n relacionada con los datos personales que se proporcionen a trav\u00e9s de los Sitios de Terceros se sujetar\u00e1 a los respectivos avisos de privacidad que se contengan en cada uno de ellos, salvo\u00a0<strong>Neorigen<\/strong>\u00a0se\u00f1ale lo contrario.<br \/><strong>Neorigen<\/strong>\u00a0advierte a sus usuarios que algunos servicios del Sitio podr\u00edan incluir, de manera enunciativa m\u00e1s no limitativa, foros de discusi\u00f3n, p\u00e1ginas de Internet personales, avisos clasificados, correos electr\u00f3nicos, salas de chat, entre otros. Por lo tanto, los Datos Personales que se revelen a trav\u00e9s de dichos medios podr\u00edan en algunos casos ser accesibles por terceras personas.\u00a0<strong>Neorigen<\/strong>\u00a0no ser\u00e1 responsable por el uso, publicaci\u00f3n, revelaci\u00f3n y\/o divulgaci\u00f3n que se haga respecto de los Datos Personales usados, publicados, revelados y\/o divulgados a trav\u00e9s de los medios antes enunciados. Recomendamos a los usuarios ser cuidadosos y responsables sobre toda informaci\u00f3n de car\u00e1cter personal que proporcionen en dichos medios.<\/p><p><br \/>TRANSFERENCIA DE DATOS PERSONALES.\u00a0<strong>Neorigen<\/strong>\u00a0podr\u00e1 revelar, divulgar y\/o transferir dentro y fuera del pa\u00eds los Datos Personales (con excepci\u00f3n de los Datos financieros) proporcionados por los usuarios a un tercero, incluyendo sin limitar, a sus empresas filiales, subsidiarias y\/o relacionadas, as\u00ed como a proveedores, patrocinadores, publicistas, contratistas y\/o socios comerciales para fines comerciales, as\u00ed como proporcionar datos estad\u00edsticos a anunciantes potenciales, enviar publicidad a los usuarios de acuerdo a sus intereses espec\u00edficos, conducir investigaciones de mercado, y otras actividades o promociones que\u00a0<strong>Neorigen<\/strong>\u00a0considere apropiadas. Los terceros que reciban la informaci\u00f3n relacionada con los Datos Personales de los usuarios est\u00e1n obligados a cumplir con lo previsto en este Aviso de Privacidad, as\u00ed como con los T\u00e9rminos y Condiciones del Sitio y de la legislaci\u00f3n aplicable en M\u00e9xico. El titular de los Datos Personales proporcionados a trav\u00e9s del Sitio acepta su transferencia en los t\u00e9rminos descritos en el presente Aviso.<\/p><p><br \/>MEDIOS PARA EJERCER LOS DERECHOS DE ACCESO, RECTIFICACI\u00d3N, CANCELACI\u00d3N U OPOSICI\u00d3N DE LOS TITULARES DE DATOS PERSONALES Y REVOCACI\u00d3N DEL CONSENTIMIENTO.<\/p><p>En todo momento quien nos proporcione sus datos estar\u00e1 en la facultad de:<\/p><p><br \/>Rectificar sus Datos Personales cuando sean inexactos o incompletos;<\/p><p>Cancelar sus Datos Personales;<\/p><p>Oponerse por causa leg\u00edtima al Tratamiento de sus Datos Personales, y\/o<\/p><p>Revocar el consentimiento que nos ha otorgado para el tratamiento de sus datos, a fin de que se deje de hacer uso de los mismos.<\/p><p>Para ello es necesario llamar al n\u00famero telef\u00f3nico\u00a0<strong>33 3628 2005<\/strong>\u00a0para su baja de nuestra base.<br \/><br \/>El ejercicio de los derechos de Acceso, Rectificaci\u00f3n, Cancelaci\u00f3n u Oposici\u00f3n de Datos Personales y Revocaci\u00f3n del consentimiento que realicen los usuarios deber\u00e1 realizarse previa solicitud a\u00a0<strong>Neorigen<\/strong>\u00a0y contener al menos lo siguiente:<br \/><br \/>El nombre del titular, domicilio y correo electr\u00f3nico para comunicarle la respuesta a su solicitud;<br \/><br \/>Los documentos que acrediten la identidad o, en su caso, la representaci\u00f3n legal del titular;<br \/><br \/>La descripci\u00f3n clara y precisa de los Datos Personales respecto de los que se busca ejercer alguno de los derechos antes mencionados (en el caso de rectificaci\u00f3n se deber\u00e1 indicar las modificaciones a realizar y aportar la documentaci\u00f3n que sustente su petici\u00f3n);<br \/><br \/>Cualquier otro elemento o documento que facilite la localizaci\u00f3n de los datos personales.<br \/><br \/><strong>Neorigen<\/strong>\u00a0dar\u00e1 respuesta a la solicitud de los usuarios en un plazo no mayor a 15 d\u00edas h\u00e1biles contados a partir de la fecha en que reciba la petici\u00f3n correspondiente, a trav\u00e9s del correo electr\u00f3nico que haya sido proporcionado para tal efecto. El ejercicio por parte de los usuarios de los derechos antes mencionados deber\u00e1 sujetarse a las leyes y reglamentos aplicables vigentes en M\u00e9xico.<\/p><p><br \/>COOKIES Y WEB BEACONS.\u00a0Con el objetivo de mejorar la experiencia de sus usuarios en el Sitio, B\u00e1sico FM podr\u00e1 utilizar \u201ccookies\u201d. Para efectos del presente Aviso de Privacidad \u201ccookies\u201d se identificar\u00e1 como los archivos de texto de informaci\u00f3n que un sitio web trasfiere al disco duro de la computadora de los usuarios con el objeto de almacenar ciertos registros y preferencias.\u00a0<strong>Neorigen<\/strong>\u00a0puede utilizar \u201ccookies\u201d para mejor entendimiento de la interacci\u00f3n de los usuarios con el Sitio y los servicios que se proporcionan. El Sitio puede permitir publicidad o funciones de terceros que env\u00eden \u201ccookies\u201d a las computadoras de los usuarios. Mediante el uso de \u201ccookies\u201d no se identifica personalmente a los usuarios, \u00fanicamente a sus computadoras. Por su parte las \u201cweb beacons\u201d son im\u00e1genes insertadas en una p\u00e1gina de Internet o correo electr\u00f3nico que pueden ser utilizadas para monitorear el comportamiento de un visitante, como almacenar informaci\u00f3n sobre la direcci\u00f3n IP del usuario, duraci\u00f3n del tiempo de interacci\u00f3n en el Sitio y el tipo de navegador utilizado, entre otros.<br \/>Los usuarios podr\u00e1n cambiar sus opciones a trav\u00e9s de sus equipos de c\u00f3mputo y\/o navegador para dejar de aceptar \u201ccookies\u201d y\/o \u201cweb beacons\u201d o bien confirmar si aceptan o no las mismas.<\/p><p><br \/>DATOS PERSONALES SENSIBLES.\u00a0De conformidad con la legislaci\u00f3n mexicana vigente, se conocen como \u201cDatos Personales Sensibles\u201d aquellos que puedan revelar aspectos como origen racial o \u00e9tnico, estado de salud presente y futura, informaci\u00f3n gen\u00e9tica, creencias religiosas, filos\u00f3ficas y\/o morales, afiliaci\u00f3n sindical, opiniones pol\u00edticas, preferencia sexual.<br \/>En caso de que Neorigen llegue a requerir Datos Personales Sensibles de los usuarios, estos deber\u00e1n proporcionar su consentimiento expreso.<\/p><p><br \/>CAMBIOS AL AVISO DE PRIVACIDAD.\u00a0<strong>Neorigen<\/strong>\u00a0se reserva el derecho de modificar en cualquier momento el contenido del presente Aviso de Privacidad, as\u00ed como hacer actualizaciones al mismo. Cualquier cambio en el Aviso de Privacidad les ser\u00e1 informado a sus usuarios a trav\u00e9s del Sitio.<\/p><p><br \/>Una vez que se publique el Aviso de Privacidad en el Sitio entrar\u00e1 en vigor autom\u00e1ticamente.<\/p><p><br \/>La fecha de \u00faltima actualizaci\u00f3n del presente aviso es el 23 de agosto del 2022<\/p><p><br \/>Fin del Aviso de Privacidad<\/p><\/div><\/div><\/div><\/div><\/div><\/div><\/div><\/div><\/section><\/div><\/div><\/div><div class=\"ekit-template-content-markup ekit-template-content-footer ekit-template-content-theme-support\"><div class=\"elementor elementor-126\" data-elementor-type=\"wp-post\" data-elementor-id=\"126\"><div class=\"elementor-inner\"><div class=\"elementor-section-wrap\">\u00a0<\/div><\/div><\/div><\/div>\t\t\t\t\t\t\t\t<\/div>\n\t\t\t\t<\/div>\n\t\t<div class=\"elementor-element elementor-element-e4de9ae e-con-full e-flex e-con e-child\" data-id=\"e4de9ae\" data-element_type=\"container\" data-e-type=\"container\">\n\t\t\t\t<div class=\"elementor-element elementor-element-c0d72b4 elementor-widget__width-auto elementor-fixed elementor-view-default elementor-widget elementor-widget-icon\" data-id=\"c0d72b4\" data-element_type=\"widget\" data-e-type=\"widget\" data-settings=\"{&quot;_position&quot;:&quot;fixed&quot;}\" data-widget_type=\"icon.default\">\n\t\t\t\t<div class=\"elementor-widget-container\">\n\t\t\t\t\t\t\t<div class=\"elementor-icon-wrapper\">\n\t\t\t<a class=\"elementor-icon\" href=\"https:\/\/api.whatsapp.com\/send\/?phone=3319911572&#038;text=Hola,%20quiero%20cotizar%20un%20servicio%20de%20fertilidad.\">\n\t\t\t<svg aria-hidden=\"true\" class=\"e-font-icon-svg e-fab-whatsapp\" viewbox=\"0 0 448 512\" xmlns=\"http:\/\/www.w3.org\/2000\/svg\"><path d=\"M380.9 97.1C339 55.1 283.2 32 223.9 32c-122.4 0-222 99.6-222 222 0 39.1 10.2 77.3 29.6 111L0 480l117.7-30.9c32.4 17.7 68.9 27 106.1 27h.1c122.3 0 224.1-99.6 224.1-222 0-59.3-25.2-115-67.1-157zm-157 341.6c-33.2 0-65.7-8.9-94-25.7l-6.7-4-69.8 18.3L72 359.2l-4.4-7c-18.5-29.4-28.2-63.3-28.2-98.2 0-101.7 82.8-184.5 184.6-184.5 49.3 0 95.6 19.2 130.4 54.1 34.8 34.9 56.2 81.2 56.1 130.5 0 101.8-84.9 184.6-186.6 184.6zm101.2-138.2c-5.5-2.8-32.8-16.2-37.9-18-5.1-1.9-8.8-2.8-12.5 2.8-3.7 5.6-14.3 18-17.6 21.8-3.2 3.7-6.5 4.2-12 1.4-32.6-16.3-54-29.1-75.5-66-5.7-9.8 5.7-9.1 16.3-30.3 1.8-3.7.9-6.9-.5-9.7-1.4-2.8-12.5-30.1-17.1-41.2-4.5-10.8-9.1-9.3-12.5-9.5-3.2-.2-6.9-.2-10.6-.2-3.7 0-9.7 1.4-14.8 6.9-5.1 5.6-19.4 19-19.4 46.3 0 27.3 19.9 53.7 22.6 57.4 2.8 3.7 39.1 59.7 94.8 83.8 35.2 15.2 49 16.5 66.6 13.9 10.7-1.6 32.8-13.4 37.4-26.4 4.6-13 4.6-24.1 3.2-26.4-1.3-2.5-5-3.9-10.5-6.6z\"><\/path><\/svg>\t\t\t<\/a>\n\t\t<\/div>\n\t\t\t\t\t\t<\/div>\n\t\t\t\t<\/div>\n\t\t\t\t<\/div>\n\t\t\t\t<\/div>\n\t\t\t\t<\/div>\n\t\t\t\t<\/div>","protected":false},"excerpt":{"rendered":"<p>Aviso de privacidad RESPONSABLE DE LOS DATOS PERSONALES.\u00a0Con fundamento en los art\u00edculos 15 y 16 de la\u00a0Ley Federal de Protecci\u00f3n de Datos Personales en Posesi\u00f3n de Particulares\u00a0hacemos de su conocimiento que\u00a0NEORIGEN S.A. DE C.V\u00a0con domicilio en\u00a0Av. Carlos Canseco #6050, Local 195 y 106, Col. La marina. Centro M\u00e9dico Marina. C.P. 82103, Mazatl\u00e1n, Sin. Mex.\u00a0tiene la [&hellip;]<\/p>","protected":false},"author":1,"featured_media":0,"parent":0,"menu_order":0,"comment_status":"closed","ping_status":"closed","template":"elementor_header_footer","meta":{"om_disable_all_campaigns":false,"_uf_show_specific_survey":0,"_uf_disable_surveys":false,"footnotes":""},"class_list":["post-2091","page","type-page","status-publish","hentry"],"aioseo_notices":[],"_links":{"self":[{"href":"https:\/\/neorigen.com\/en\/wp-json\/wp\/v2\/pages\/2091","targetHints":{"allow":["GET"]}}],"collection":[{"href":"https:\/\/neorigen.com\/en\/wp-json\/wp\/v2\/pages"}],"about":[{"href":"https:\/\/neorigen.com\/en\/wp-json\/wp\/v2\/types\/page"}],"author":[{"embeddable":true,"href":"https:\/\/neorigen.com\/en\/wp-json\/wp\/v2\/users\/1"}],"replies":[{"embeddable":true,"href":"https:\/\/neorigen.com\/en\/wp-json\/wp\/v2\/comments?post=2091"}],"version-history":[{"count":6,"href":"https:\/\/neorigen.com\/en\/wp-json\/wp\/v2\/pages\/2091\/revisions"}],"predecessor-version":[{"id":3999,"href":"https:\/\/neorigen.com\/en\/wp-json\/wp\/v2\/pages\/2091\/revisions\/3999"}],"wp:attachment":[{"href":"https:\/\/neorigen.com\/en\/wp-json\/wp\/v2\/media?parent=2091"}],"curies":[{"name":"wp","href":"https:\/\/api.w.org\/{rel}","templated":true}]}}